{"id":2,"date":"2021-12-30T10:48:08","date_gmt":"2021-12-30T10:48:08","guid":{"rendered":"https:\/\/mooier-uitzien.nl\/?page_id=2"},"modified":"2022-01-10T19:39:05","modified_gmt":"2022-01-10T19:39:05","slug":"over-mooier-uitzien","status":"publish","type":"page","link":"https:\/\/mooier-uitzien.nl\/pl\/o-ladniejszym-wygladzie\/","title":{"rendered":"O \u0142adniejszym wygl\u0105dzie"},"content":{"rendered":"<p>W rzeczywisto\u015bci bardzo trudno jest zdefiniowa\u0107, co jest pi\u0119kne, a co nie. Pi\u0119kny wygl\u0105d jest wed\u0142ug wielu bardzo subiektywn\u0105 koncepcj\u0105, ale mo\u017cna podej\u015b\u0107 do tego i niekt\u00f3rych przypadk\u00f3w obiektywnie. Na tym blogu chc\u0119 podkre\u015bli\u0107 koncepcj\u0119 bycia pi\u0119knym z r\u00f3\u017cnych perspektyw.<\/p>\n<p>Jestem facetem z du\u017c\u0105 pasj\u0105 do m\u0142odo\u015bci. Dla mnie bycie pi\u0119knym to tylko dynamiczna my\u015bl. R\u00f3\u017cni si\u0119 w zale\u017cno\u015bci od osoby, kultury, wieku, p\u0142ci i religii. Og\u00f3lnie rzecz bior\u0105c, bycie pi\u0119knym mo\u017cna podzieli\u0107 na pi\u0119kno zewn\u0119trzne i pi\u0119kno wewn\u0119trzne. Po\u0142\u0105czenie obu determinuje to, co ludzie uwa\u017caj\u0105 za pi\u0119kne.<\/p>\n<h2>Jak wygl\u0105da\u0107 pi\u0119kniej?<\/h2>\n<p>Pi\u0119kniejszy wygl\u0105d to w rzeczywisto\u015bci pi\u0119kniejsze samopoczucie, niezale\u017cnie od osobistych ram odniesienia. Kiedy nie podoba ci si\u0119 co\u015b w twoim ciele i poprzez <a href=\"https:\/\/mooier-uitzien.nl\/pl\/kategoria\/produkty-kosmetyczne\/\">produkt kosmetyczny<\/a> lub chirurgii kosmetycznej, takiej jak <a href=\"https:\/\/mooier-uitzien.nl\/pl\/kategoria\/zabiegi-wypelniajace\/\">Wype\u0142niacze <\/a>oraz <a href=\"https:\/\/mooier-uitzien.nl\/pl\/kategoria\/zabiegi-z-uzyciem-botoksu\/\">Botox<\/a> chcesz to zmieni\u0107, mo\u017cesz wygl\u0105da\u0107 pi\u0119kniej. Przynajmniej zgodnie z indywidualnymi wymaganiami.<\/p>\n<p>Mo\u017cesz wi\u0119c wygl\u0105da\u0107 pi\u0119kniej, u\u017cywaj\u0105c makija\u017cu lub nowej fryzury. Ale mo\u017cesz tak\u017ce polubi\u0107 pe\u0142niejsze usta i wybra\u0107 <a href=\"https:\/\/kristalclinics.nl\/fillers-behandelingen\/\">wype\u0142niacz<\/a> i\u015b\u0107. Inni uwa\u017caj\u0105, \u017ce bycie sprawnym fizycznie jest bardzo pi\u0119kne. Kiedy ta druga grupa chce wygl\u0105da\u0107 \u0142adniej, zaczyna \u0107wiczy\u0107 i je\u015b\u0107 zdrowiej. Jest te\u017c inna grupa; mianowicie mi\u0142o\u015bnicy mody. Ubrania i buty r\u00f3wnie\u017c mog\u0105 sprawi\u0107, \u017ce b\u0119dziesz wygl\u0105da\u0107 pi\u0119kniej.<\/p>\n<p><strong>Kr\u00f3tko m\u00f3wi\u0105c, mo\u017cesz to zrobi\u0107, aby wygl\u0105da\u0107 pi\u0119kniej:<\/strong><\/p>\n<ul>\n<li>Korzystanie z makija\u017cu<\/li>\n<li>Nadawanie w\u0142osom odpowiedniego stylu<\/li>\n<li>Zabieg z u\u017cyciem wype\u0142niacza<\/li>\n<li>Leczenie botoksem<\/li>\n<li>Noszenie pi\u0119knych ubra\u0144<\/li>\n<li>\u0106wiczenia i zdrowe od\u017cywianie<\/li>\n<li>Zmiana sposobu my\u015blenia i postrzeganie siebie jako pi\u0119knej!<\/li>\n<\/ul>\n<h2>Wnioski<\/h2>\n<p>Dlatego na tym blogu przeczytasz wiele o koncepcji bycia pi\u0119kn\u0105, a tak\u017ce wskaz\u00f3wki dotycz\u0105ce r\u00f3\u017cnych sposob\u00f3w, w jakie mo\u017cesz to osi\u0105gn\u0105\u0107. O zabiegach kosmetycznych, produktach upi\u0119kszaj\u0105cych, ubraniach i sprawno\u015bci fizycznej. Oczywi\u015bcie pozostaj\u0119 bezstronny, a Ty musisz dokona\u0107 w\u0142asnego wyboru. Zbieram tylko informacje i publikuj\u0119 je na moim blogu.<\/p>","protected":false},"excerpt":{"rendered":"<p>Het is eigenlijk heel moeilijk om te bepalen wat mooi is en wat niet. Mooier uitzien is volgens velen erg subjectief begrip, maar toch kan men dit en enkele gevallen objectief benaderen. Met dit blog wil ik het begrip mooi zijn vanuit verschillende perspectieven belichten. Ik ben een jongen met veel passie voor jeugdigheid. Voor [&hellip;]<\/p>","protected":false},"author":1,"featured_media":107,"parent":0,"menu_order":0,"comment_status":"closed","ping_status":"open","template":"","meta":{"_yoast_wpseo_focuskw":"mooier uitzien","_yoast_wpseo_title":"Mooier uitzien is moeilijk te bepalen","_yoast_wpseo_metadesc":"Het is heel moeilijk om te bepalen wat mooi is en wat niet. Mooier uitzien is subjectief begrip, maar toch kun je dit objectief benaderen.","_monsterinsights_skip_tracking":false,"_monsterinsights_sitenote_active":false,"_monsterinsights_sitenote_note":"","_monsterinsights_sitenote_category":0,"_yoast_wpseo_keywordsynonyms":"","footnotes":""},"class_list":["post-2","page","type-page","status-publish","has-post-thumbnail","hentry"],"yoast_head":"<!-- This site is optimized with the Yoast SEO plugin v27.6 - https:\/\/yoast.com\/product\/yoast-seo-wordpress\/ -->\n<title>Mooier uitzien is moeilijk te bepalen<\/title>\n<meta name=\"description\" content=\"Het is heel moeilijk om te bepalen wat mooi is en wat niet. Mooier uitzien is subjectief begrip, maar toch kun je dit objectief benaderen.\" \/>\n<meta name=\"robots\" content=\"index, follow, max-snippet:-1, max-image-preview:large, max-video-preview:-1\" \/>\n<link rel=\"canonical\" href=\"https:\/\/mooier-uitzien.nl\/pl\/o-ladniejszym-wygladzie\/\" \/>\n<meta property=\"og:locale\" content=\"pl_PL\" \/>\n<meta property=\"og:type\" content=\"article\" \/>\n<meta property=\"og:title\" content=\"Mooier uitzien is moeilijk te bepalen\" \/>\n<meta property=\"og:description\" content=\"Het is heel moeilijk om te bepalen wat mooi is en wat niet. Mooier uitzien is subjectief begrip, maar toch kun je dit objectief benaderen.\" \/>\n<meta property=\"og:url\" content=\"https:\/\/mooier-uitzien.nl\/pl\/o-ladniejszym-wygladzie\/\" \/>\n<meta property=\"og:site_name\" content=\"Mooier Uitzien\" \/>\n<meta property=\"article:modified_time\" content=\"2022-01-10T19:39:05+00:00\" \/>\n<meta property=\"og:image\" content=\"https:\/\/mooier-uitzien.nl\/wp-content\/uploads\/2022\/01\/botox-tegen-anti-transpireren-hoe-werkt-het.jpg\" \/>\n\t<meta property=\"og:image:width\" content=\"1000\" \/>\n\t<meta property=\"og:image:height\" content=\"563\" \/>\n\t<meta property=\"og:image:type\" content=\"image\/jpeg\" \/>\n<meta name=\"twitter:card\" content=\"summary_large_image\" \/>\n<meta name=\"twitter:label1\" content=\"Szacowany czas czytania\" \/>\n\t<meta name=\"twitter:data1\" content=\"1 minuta\" \/>\n<script type=\"application\/ld+json\" class=\"yoast-schema-graph\">{\"@context\":\"https:\\\/\\\/schema.org\",\"@graph\":[{\"@type\":\"WebPage\",\"@id\":\"https:\\\/\\\/mooier-uitzien.nl\\\/fr\\\/pour-etre-plus-belle\\\/\",\"url\":\"https:\\\/\\\/mooier-uitzien.nl\\\/fr\\\/pour-etre-plus-belle\\\/\",\"name\":\"Mooier uitzien is moeilijk te bepalen\",\"isPartOf\":{\"@id\":\"https:\\\/\\\/mooier-uitzien.nl\\\/en\\\/#website\"},\"primaryImageOfPage\":{\"@id\":\"https:\\\/\\\/mooier-uitzien.nl\\\/fr\\\/pour-etre-plus-belle\\\/#primaryimage\"},\"image\":{\"@id\":\"https:\\\/\\\/mooier-uitzien.nl\\\/fr\\\/pour-etre-plus-belle\\\/#primaryimage\"},\"thumbnailUrl\":\"https:\\\/\\\/mooier-uitzien.nl\\\/wp-content\\\/uploads\\\/2022\\\/01\\\/botox-tegen-anti-transpireren-hoe-werkt-het.jpg\",\"datePublished\":\"2021-12-30T10:48:08+00:00\",\"dateModified\":\"2022-01-10T19:39:05+00:00\",\"description\":\"Het is heel moeilijk om te bepalen wat mooi is en wat niet. Mooier uitzien is subjectief begrip, maar toch kun je dit objectief benaderen.\",\"breadcrumb\":{\"@id\":\"https:\\\/\\\/mooier-uitzien.nl\\\/fr\\\/pour-etre-plus-belle\\\/#breadcrumb\"},\"inLanguage\":\"pl-PL\",\"potentialAction\":[{\"@type\":\"ReadAction\",\"target\":[\"https:\\\/\\\/mooier-uitzien.nl\\\/fr\\\/pour-etre-plus-belle\\\/\"]}]},{\"@type\":\"ImageObject\",\"inLanguage\":\"pl-PL\",\"@id\":\"https:\\\/\\\/mooier-uitzien.nl\\\/fr\\\/pour-etre-plus-belle\\\/#primaryimage\",\"url\":\"https:\\\/\\\/mooier-uitzien.nl\\\/wp-content\\\/uploads\\\/2022\\\/01\\\/botox-tegen-anti-transpireren-hoe-werkt-het.jpg\",\"contentUrl\":\"https:\\\/\\\/mooier-uitzien.nl\\\/wp-content\\\/uploads\\\/2022\\\/01\\\/botox-tegen-anti-transpireren-hoe-werkt-het.jpg\",\"width\":1000,\"height\":563,\"caption\":\"Mooier uitzien kan op verschillende manieren\"},{\"@type\":\"BreadcrumbList\",\"@id\":\"https:\\\/\\\/mooier-uitzien.nl\\\/fr\\\/pour-etre-plus-belle\\\/#breadcrumb\",\"itemListElement\":[{\"@type\":\"ListItem\",\"position\":1,\"name\":\"Home\",\"item\":\"https:\\\/\\\/mooier-uitzien.nl\\\/en\\\/\"},{\"@type\":\"ListItem\",\"position\":2,\"name\":\"Over mooier uitzien\"}]},{\"@type\":\"WebSite\",\"@id\":\"https:\\\/\\\/mooier-uitzien.nl\\\/en\\\/#website\",\"url\":\"https:\\\/\\\/mooier-uitzien.nl\\\/en\\\/\",\"name\":\"Mooier Uitzien\",\"description\":\"Tips, producten en behandelingen\",\"publisher\":{\"@id\":\"https:\\\/\\\/mooier-uitzien.nl\\\/en\\\/#\\\/schema\\\/person\\\/3243990d3a0f65947212142c68810954\"},\"potentialAction\":[{\"@type\":\"SearchAction\",\"target\":{\"@type\":\"EntryPoint\",\"urlTemplate\":\"https:\\\/\\\/mooier-uitzien.nl\\\/en\\\/?s={search_term_string}\"},\"query-input\":{\"@type\":\"PropertyValueSpecification\",\"valueRequired\":true,\"valueName\":\"search_term_string\"}}],\"inLanguage\":\"pl-PL\"},{\"@type\":[\"Person\",\"Organization\"],\"@id\":\"https:\\\/\\\/mooier-uitzien.nl\\\/en\\\/#\\\/schema\\\/person\\\/3243990d3a0f65947212142c68810954\",\"name\":\"Mooier Uitzien\",\"image\":{\"@type\":\"ImageObject\",\"inLanguage\":\"pl-PL\",\"@id\":\"https:\\\/\\\/mooier-uitzien.nl\\\/wp-content\\\/uploads\\\/2021\\\/12\\\/cropped-mooier-uitzien.png\",\"url\":\"https:\\\/\\\/mooier-uitzien.nl\\\/wp-content\\\/uploads\\\/2021\\\/12\\\/cropped-mooier-uitzien.png\",\"contentUrl\":\"https:\\\/\\\/mooier-uitzien.nl\\\/wp-content\\\/uploads\\\/2021\\\/12\\\/cropped-mooier-uitzien.png\",\"width\":512,\"height\":512,\"caption\":\"Mooier Uitzien\"},\"logo\":{\"@id\":\"https:\\\/\\\/mooier-uitzien.nl\\\/wp-content\\\/uploads\\\/2021\\\/12\\\/cropped-mooier-uitzien.png\"},\"sameAs\":[\"https:\\\/\\\/mooier-uitzien.nl\"]}]}<\/script>\n<!-- \/ Yoast SEO plugin. -->","yoast_head_json":{"title":"Mooier uitzien is moeilijk te bepalen","description":"Het is heel moeilijk om te bepalen wat mooi is en wat niet. Mooier uitzien is subjectief begrip, maar toch kun je dit objectief benaderen.","robots":{"index":"index","follow":"follow","max-snippet":"max-snippet:-1","max-image-preview":"max-image-preview:large","max-video-preview":"max-video-preview:-1"},"canonical":"https:\/\/mooier-uitzien.nl\/pl\/o-ladniejszym-wygladzie\/","og_locale":"pl_PL","og_type":"article","og_title":"Mooier uitzien is moeilijk te bepalen","og_description":"Het is heel moeilijk om te bepalen wat mooi is en wat niet. Mooier uitzien is subjectief begrip, maar toch kun je dit objectief benaderen.","og_url":"https:\/\/mooier-uitzien.nl\/pl\/o-ladniejszym-wygladzie\/","og_site_name":"Mooier Uitzien","article_modified_time":"2022-01-10T19:39:05+00:00","og_image":[{"width":1000,"height":563,"url":"https:\/\/mooier-uitzien.nl\/wp-content\/uploads\/2022\/01\/botox-tegen-anti-transpireren-hoe-werkt-het.jpg","type":"image\/jpeg"}],"twitter_card":"summary_large_image","twitter_misc":{"Szacowany czas czytania":"1 minuta"},"schema":{"@context":"https:\/\/schema.org","@graph":[{"@type":"WebPage","@id":"https:\/\/mooier-uitzien.nl\/fr\/pour-etre-plus-belle\/","url":"https:\/\/mooier-uitzien.nl\/fr\/pour-etre-plus-belle\/","name":"Mooier uitzien is moeilijk te bepalen","isPartOf":{"@id":"https:\/\/mooier-uitzien.nl\/en\/#website"},"primaryImageOfPage":{"@id":"https:\/\/mooier-uitzien.nl\/fr\/pour-etre-plus-belle\/#primaryimage"},"image":{"@id":"https:\/\/mooier-uitzien.nl\/fr\/pour-etre-plus-belle\/#primaryimage"},"thumbnailUrl":"https:\/\/mooier-uitzien.nl\/wp-content\/uploads\/2022\/01\/botox-tegen-anti-transpireren-hoe-werkt-het.jpg","datePublished":"2021-12-30T10:48:08+00:00","dateModified":"2022-01-10T19:39:05+00:00","description":"Het is heel moeilijk om te bepalen wat mooi is en wat niet. Mooier uitzien is subjectief begrip, maar toch kun je dit objectief benaderen.","breadcrumb":{"@id":"https:\/\/mooier-uitzien.nl\/fr\/pour-etre-plus-belle\/#breadcrumb"},"inLanguage":"pl-PL","potentialAction":[{"@type":"ReadAction","target":["https:\/\/mooier-uitzien.nl\/fr\/pour-etre-plus-belle\/"]}]},{"@type":"ImageObject","inLanguage":"pl-PL","@id":"https:\/\/mooier-uitzien.nl\/fr\/pour-etre-plus-belle\/#primaryimage","url":"https:\/\/mooier-uitzien.nl\/wp-content\/uploads\/2022\/01\/botox-tegen-anti-transpireren-hoe-werkt-het.jpg","contentUrl":"https:\/\/mooier-uitzien.nl\/wp-content\/uploads\/2022\/01\/botox-tegen-anti-transpireren-hoe-werkt-het.jpg","width":1000,"height":563,"caption":"Mooier uitzien kan op verschillende manieren"},{"@type":"BreadcrumbList","@id":"https:\/\/mooier-uitzien.nl\/fr\/pour-etre-plus-belle\/#breadcrumb","itemListElement":[{"@type":"ListItem","position":1,"name":"Home","item":"https:\/\/mooier-uitzien.nl\/en\/"},{"@type":"ListItem","position":2,"name":"Over mooier uitzien"}]},{"@type":"WebSite","@id":"https:\/\/mooier-uitzien.nl\/en\/#website","url":"https:\/\/mooier-uitzien.nl\/en\/","name":"Mooier Uitzien","description":"Tips, producten en behandelingen","publisher":{"@id":"https:\/\/mooier-uitzien.nl\/en\/#\/schema\/person\/3243990d3a0f65947212142c68810954"},"potentialAction":[{"@type":"SearchAction","target":{"@type":"EntryPoint","urlTemplate":"https:\/\/mooier-uitzien.nl\/en\/?s={search_term_string}"},"query-input":{"@type":"PropertyValueSpecification","valueRequired":true,"valueName":"search_term_string"}}],"inLanguage":"pl-PL"},{"@type":["Person","Organization"],"@id":"https:\/\/mooier-uitzien.nl\/en\/#\/schema\/person\/3243990d3a0f65947212142c68810954","name":"Mooier Uitzien","image":{"@type":"ImageObject","inLanguage":"pl-PL","@id":"https:\/\/mooier-uitzien.nl\/wp-content\/uploads\/2021\/12\/cropped-mooier-uitzien.png","url":"https:\/\/mooier-uitzien.nl\/wp-content\/uploads\/2021\/12\/cropped-mooier-uitzien.png","contentUrl":"https:\/\/mooier-uitzien.nl\/wp-content\/uploads\/2021\/12\/cropped-mooier-uitzien.png","width":512,"height":512,"caption":"Mooier Uitzien"},"logo":{"@id":"https:\/\/mooier-uitzien.nl\/wp-content\/uploads\/2021\/12\/cropped-mooier-uitzien.png"},"sameAs":["https:\/\/mooier-uitzien.nl"]}]}},"_links":{"self":[{"href":"https:\/\/mooier-uitzien.nl\/pl\/wp-json\/wp\/v2\/pages\/2","targetHints":{"allow":["GET"]}}],"collection":[{"href":"https:\/\/mooier-uitzien.nl\/pl\/wp-json\/wp\/v2\/pages"}],"about":[{"href":"https:\/\/mooier-uitzien.nl\/pl\/wp-json\/wp\/v2\/types\/page"}],"author":[{"embeddable":true,"href":"https:\/\/mooier-uitzien.nl\/pl\/wp-json\/wp\/v2\/users\/1"}],"replies":[{"embeddable":true,"href":"https:\/\/mooier-uitzien.nl\/pl\/wp-json\/wp\/v2\/comments?post=2"}],"version-history":[{"count":5,"href":"https:\/\/mooier-uitzien.nl\/pl\/wp-json\/wp\/v2\/pages\/2\/revisions"}],"predecessor-version":[{"id":108,"href":"https:\/\/mooier-uitzien.nl\/pl\/wp-json\/wp\/v2\/pages\/2\/revisions\/108"}],"wp:featuredmedia":[{"embeddable":true,"href":"https:\/\/mooier-uitzien.nl\/pl\/wp-json\/wp\/v2\/media\/107"}],"wp:attachment":[{"href":"https:\/\/mooier-uitzien.nl\/pl\/wp-json\/wp\/v2\/media?parent=2"}],"curies":[{"name":"wp","href":"https:\/\/api.w.org\/{rel}","templated":true}]}}