{"id":2,"date":"2021-12-30T10:48:08","date_gmt":"2021-12-30T10:48:08","guid":{"rendered":"https:\/\/mooier-uitzien.nl\/?page_id=2"},"modified":"2022-01-10T19:39:05","modified_gmt":"2022-01-10T19:39:05","slug":"over-mooier-uitzien","status":"publish","type":"page","link":"https:\/\/mooier-uitzien.nl\/tr\/daha-guzel-gorunmek-hakkinda\/","title":{"rendered":"Daha g\u00fczel g\u00f6r\u00fcnmek hakk\u0131nda"},"content":{"rendered":"<p>Neyin g\u00fczel olup olmad\u0131\u011f\u0131n\u0131 tan\u0131mlamak asl\u0131nda \u00e7ok zor. G\u00fczel g\u00f6r\u00fcnmek pek \u00e7ok ki\u015fiye g\u00f6re \u00e7ok \u00f6znel bir kavram olsa da, buna ve baz\u0131 durumlara nesnel yakla\u015f\u0131labilir. Bu blog ile g\u00fczel olma kavram\u0131na farkl\u0131 a\u00e7\u0131lardan dikkat \u00e7ekmek istiyorum.<\/p>\n<p>Ben gen\u00e7li\u011fe \u00e7ok tutkulu bir adam\u0131m. Benim i\u00e7in g\u00fczel olmak sadece dinamik bir d\u00fc\u015f\u00fcncedir. Ki\u015fiye, k\u00fclt\u00fcre, ya\u015fa, cinsiyete ve dine g\u00f6re de\u011fi\u015fir. Genel olarak g\u00fczel olmay\u0131 d\u0131\u015f g\u00fczellik ve i\u00e7 g\u00fczellik olarak ikiye ay\u0131rabilirsiniz. Her ikisinin birle\u015fimi insanlar\u0131n neyi g\u00fczel buldu\u011funu belirler.<\/p>\n<h2>Nas\u0131l daha g\u00fczel g\u00f6r\u00fcnebilirsiniz?<\/h2>\n<p>Daha g\u00fczel g\u00f6r\u00fcnmek, altta yatan ki\u015fisel referans \u00e7er\u00e7evesi ne olursa olsun, asl\u0131nda daha g\u00fczel hissetmektir. V\u00fccudunuzla ilgili bir \u015feyi be\u011fenmedi\u011finizde ve <a href=\"https:\/\/mooier-uitzien.nl\/tr\/kategori\/guzellik-urunleri\/\">g\u00fczellik \u00fcr\u00fcn\u00fc<\/a> veya kozmetik cerrahi gibi <a href=\"https:\/\/mooier-uitzien.nl\/tr\/kategori\/dolgu-tedavi\u0307leri\u0307\/\">Dolgu Maddeleri <\/a>ve <a href=\"https:\/\/mooier-uitzien.nl\/tr\/kategori\/botoks-tedavileri\/\">Botoks<\/a> bunu de\u011fi\u015ftirmek istiyorsan\u0131z, daha g\u00fczel g\u00f6r\u00fcnebilirsiniz. En az\u0131ndan, bireysel gereksinimlerinize g\u00f6re.<\/p>\n<p>B\u00f6ylece makyaj veya yeni bir sa\u00e7 modeli kullanarak daha g\u00fczel g\u00f6r\u00fcnebilirsiniz. Ama ayn\u0131 zamanda daha dolgun dudaklar\u0131 sevebilir ve <a href=\"https:\/\/kristalclinics.nl\/fillers-behandelingen\/\">dolgu tedavi\u0307si\u0307<\/a> Git. Di\u011fer insanlar fiziksel olarak formda olman\u0131n \u00e7ok g\u00fczel oldu\u011funu d\u00fc\u015f\u00fcn\u00fcr. Bu ikinci grup daha g\u00fczel g\u00f6r\u00fcnmek istedi\u011finde egzersiz yapmaya ve daha sa\u011fl\u0131kl\u0131 beslenmeye ba\u015flar. Bir ba\u015fka grup daha var; yani moda severler. K\u0131yafetler ve ayakkab\u0131lar da daha g\u00fczel g\u00f6r\u00fcnmenizi sa\u011flayabilir.<\/p>\n<p><strong>K\u0131sacas\u0131 daha g\u00fczel g\u00f6r\u00fcnmek i\u00e7in bunu yapabilirsiniz:<\/strong><\/p>\n<ul>\n<li>Makyaj malzemesi kullanma<\/li>\n<li>Sa\u00e7\u0131n\u0131za uygun bir stil vermek<\/li>\n<li>Dolgu tedavisi yapt\u0131rmak<\/li>\n<li>Botoks tedavisi yapt\u0131rmak<\/li>\n<li>G\u00fczel k\u0131yafetler giymek<\/li>\n<li>Egzersiz ve sa\u011fl\u0131kl\u0131 beslenme<\/li>\n<li>Zihniyetinizi de\u011fi\u015ftirmek ve kendinizi g\u00fczel olarak g\u00f6rmek!<\/li>\n<\/ul>\n<h2>Sonu\u00e7<\/h2>\n<p>Bu blogda, g\u00fczel olma kavram\u0131 hakk\u0131nda \u00e7ok \u015fey okuyacak ve bunu ba\u015farman\u0131n farkl\u0131 yollar\u0131 hakk\u0131nda ipu\u00e7lar\u0131 bulacaks\u0131n\u0131z. Kozmetik prosed\u00fcrler, g\u00fczellik \u00fcr\u00fcnleri, k\u0131yafetler ve fiziksel uygunluk hakk\u0131nda. Elbette ben tarafs\u0131z kal\u0131yorum ve siz kendi se\u00e7iminizi yapmak zorundas\u0131n\u0131z. Ben sadece bilgi topluyorum ve bunlar\u0131 blogumda yay\u0131nl\u0131yorum.<\/p>","protected":false},"excerpt":{"rendered":"<p>Het is eigenlijk heel moeilijk om te bepalen wat mooi is en wat niet. Mooier uitzien is volgens velen erg subjectief begrip, maar toch kan men dit en enkele gevallen objectief benaderen. Met dit blog wil ik het begrip mooi zijn vanuit verschillende perspectieven belichten. Ik ben een jongen met veel passie voor jeugdigheid. Voor [&hellip;]<\/p>","protected":false},"author":1,"featured_media":107,"parent":0,"menu_order":0,"comment_status":"closed","ping_status":"open","template":"","meta":{"_yoast_wpseo_focuskw":"mooier uitzien","_yoast_wpseo_title":"Mooier uitzien is moeilijk te bepalen","_yoast_wpseo_metadesc":"Het is heel moeilijk om te bepalen wat mooi is en wat niet. Mooier uitzien is subjectief begrip, maar toch kun je dit objectief benaderen.","_monsterinsights_skip_tracking":false,"_monsterinsights_sitenote_active":false,"_monsterinsights_sitenote_note":"","_monsterinsights_sitenote_category":0,"_yoast_wpseo_keywordsynonyms":"","footnotes":""},"class_list":["post-2","page","type-page","status-publish","has-post-thumbnail","hentry"],"yoast_head":"<!-- This site is optimized with the Yoast SEO plugin v27.5 - https:\/\/yoast.com\/product\/yoast-seo-wordpress\/ -->\n<title>Mooier uitzien is moeilijk te bepalen<\/title>\n<meta name=\"description\" content=\"Het is heel moeilijk om te bepalen wat mooi is en wat niet. Mooier uitzien is subjectief begrip, maar toch kun je dit objectief benaderen.\" \/>\n<meta name=\"robots\" content=\"index, follow, max-snippet:-1, max-image-preview:large, max-video-preview:-1\" \/>\n<link rel=\"canonical\" href=\"https:\/\/mooier-uitzien.nl\/tr\/daha-guzel-gorunmek-hakkinda\/\" \/>\n<meta property=\"og:locale\" content=\"tr_TR\" \/>\n<meta property=\"og:type\" content=\"article\" \/>\n<meta property=\"og:title\" content=\"Mooier uitzien is moeilijk te bepalen\" \/>\n<meta property=\"og:description\" content=\"Het is heel moeilijk om te bepalen wat mooi is en wat niet. Mooier uitzien is subjectief begrip, maar toch kun je dit objectief benaderen.\" \/>\n<meta property=\"og:url\" content=\"https:\/\/mooier-uitzien.nl\/tr\/daha-guzel-gorunmek-hakkinda\/\" \/>\n<meta property=\"og:site_name\" content=\"Mooier Uitzien\" \/>\n<meta property=\"article:modified_time\" content=\"2022-01-10T19:39:05+00:00\" \/>\n<meta property=\"og:image\" content=\"https:\/\/mooier-uitzien.nl\/wp-content\/uploads\/2022\/01\/botox-tegen-anti-transpireren-hoe-werkt-het.jpg\" \/>\n\t<meta property=\"og:image:width\" content=\"1000\" \/>\n\t<meta property=\"og:image:height\" content=\"563\" \/>\n\t<meta property=\"og:image:type\" content=\"image\/jpeg\" \/>\n<meta name=\"twitter:card\" content=\"summary_large_image\" \/>\n<meta name=\"twitter:label1\" content=\"Tahmini okuma s\u00fcresi\" \/>\n\t<meta name=\"twitter:data1\" content=\"1 dakika\" \/>\n<script type=\"application\/ld+json\" class=\"yoast-schema-graph\">{\"@context\":\"https:\\\/\\\/schema.org\",\"@graph\":[{\"@type\":\"WebPage\",\"@id\":\"https:\\\/\\\/mooier-uitzien.nl\\\/fr\\\/pour-etre-plus-belle\\\/\",\"url\":\"https:\\\/\\\/mooier-uitzien.nl\\\/fr\\\/pour-etre-plus-belle\\\/\",\"name\":\"Mooier uitzien is moeilijk te bepalen\",\"isPartOf\":{\"@id\":\"https:\\\/\\\/mooier-uitzien.nl\\\/en\\\/#website\"},\"primaryImageOfPage\":{\"@id\":\"https:\\\/\\\/mooier-uitzien.nl\\\/fr\\\/pour-etre-plus-belle\\\/#primaryimage\"},\"image\":{\"@id\":\"https:\\\/\\\/mooier-uitzien.nl\\\/fr\\\/pour-etre-plus-belle\\\/#primaryimage\"},\"thumbnailUrl\":\"https:\\\/\\\/mooier-uitzien.nl\\\/wp-content\\\/uploads\\\/2022\\\/01\\\/botox-tegen-anti-transpireren-hoe-werkt-het.jpg\",\"datePublished\":\"2021-12-30T10:48:08+00:00\",\"dateModified\":\"2022-01-10T19:39:05+00:00\",\"description\":\"Het is heel moeilijk om te bepalen wat mooi is en wat niet. Mooier uitzien is subjectief begrip, maar toch kun je dit objectief benaderen.\",\"breadcrumb\":{\"@id\":\"https:\\\/\\\/mooier-uitzien.nl\\\/fr\\\/pour-etre-plus-belle\\\/#breadcrumb\"},\"inLanguage\":\"tr\",\"potentialAction\":[{\"@type\":\"ReadAction\",\"target\":[\"https:\\\/\\\/mooier-uitzien.nl\\\/fr\\\/pour-etre-plus-belle\\\/\"]}]},{\"@type\":\"ImageObject\",\"inLanguage\":\"tr\",\"@id\":\"https:\\\/\\\/mooier-uitzien.nl\\\/fr\\\/pour-etre-plus-belle\\\/#primaryimage\",\"url\":\"https:\\\/\\\/mooier-uitzien.nl\\\/wp-content\\\/uploads\\\/2022\\\/01\\\/botox-tegen-anti-transpireren-hoe-werkt-het.jpg\",\"contentUrl\":\"https:\\\/\\\/mooier-uitzien.nl\\\/wp-content\\\/uploads\\\/2022\\\/01\\\/botox-tegen-anti-transpireren-hoe-werkt-het.jpg\",\"width\":1000,\"height\":563,\"caption\":\"Mooier uitzien kan op verschillende manieren\"},{\"@type\":\"BreadcrumbList\",\"@id\":\"https:\\\/\\\/mooier-uitzien.nl\\\/fr\\\/pour-etre-plus-belle\\\/#breadcrumb\",\"itemListElement\":[{\"@type\":\"ListItem\",\"position\":1,\"name\":\"Home\",\"item\":\"https:\\\/\\\/mooier-uitzien.nl\\\/en\\\/\"},{\"@type\":\"ListItem\",\"position\":2,\"name\":\"Over mooier uitzien\"}]},{\"@type\":\"WebSite\",\"@id\":\"https:\\\/\\\/mooier-uitzien.nl\\\/en\\\/#website\",\"url\":\"https:\\\/\\\/mooier-uitzien.nl\\\/en\\\/\",\"name\":\"Mooier Uitzien\",\"description\":\"Tips, producten en behandelingen\",\"publisher\":{\"@id\":\"https:\\\/\\\/mooier-uitzien.nl\\\/en\\\/#\\\/schema\\\/person\\\/3243990d3a0f65947212142c68810954\"},\"potentialAction\":[{\"@type\":\"SearchAction\",\"target\":{\"@type\":\"EntryPoint\",\"urlTemplate\":\"https:\\\/\\\/mooier-uitzien.nl\\\/en\\\/?s={search_term_string}\"},\"query-input\":{\"@type\":\"PropertyValueSpecification\",\"valueRequired\":true,\"valueName\":\"search_term_string\"}}],\"inLanguage\":\"tr\"},{\"@type\":[\"Person\",\"Organization\"],\"@id\":\"https:\\\/\\\/mooier-uitzien.nl\\\/en\\\/#\\\/schema\\\/person\\\/3243990d3a0f65947212142c68810954\",\"name\":\"Mooier Uitzien\",\"image\":{\"@type\":\"ImageObject\",\"inLanguage\":\"tr\",\"@id\":\"https:\\\/\\\/mooier-uitzien.nl\\\/wp-content\\\/uploads\\\/2021\\\/12\\\/cropped-mooier-uitzien.png\",\"url\":\"https:\\\/\\\/mooier-uitzien.nl\\\/wp-content\\\/uploads\\\/2021\\\/12\\\/cropped-mooier-uitzien.png\",\"contentUrl\":\"https:\\\/\\\/mooier-uitzien.nl\\\/wp-content\\\/uploads\\\/2021\\\/12\\\/cropped-mooier-uitzien.png\",\"width\":512,\"height\":512,\"caption\":\"Mooier Uitzien\"},\"logo\":{\"@id\":\"https:\\\/\\\/mooier-uitzien.nl\\\/wp-content\\\/uploads\\\/2021\\\/12\\\/cropped-mooier-uitzien.png\"},\"sameAs\":[\"https:\\\/\\\/mooier-uitzien.nl\"]}]}<\/script>\n<!-- \/ Yoast SEO plugin. -->","yoast_head_json":{"title":"Mooier uitzien is moeilijk te bepalen","description":"Het is heel moeilijk om te bepalen wat mooi is en wat niet. Mooier uitzien is subjectief begrip, maar toch kun je dit objectief benaderen.","robots":{"index":"index","follow":"follow","max-snippet":"max-snippet:-1","max-image-preview":"max-image-preview:large","max-video-preview":"max-video-preview:-1"},"canonical":"https:\/\/mooier-uitzien.nl\/tr\/daha-guzel-gorunmek-hakkinda\/","og_locale":"tr_TR","og_type":"article","og_title":"Mooier uitzien is moeilijk te bepalen","og_description":"Het is heel moeilijk om te bepalen wat mooi is en wat niet. Mooier uitzien is subjectief begrip, maar toch kun je dit objectief benaderen.","og_url":"https:\/\/mooier-uitzien.nl\/tr\/daha-guzel-gorunmek-hakkinda\/","og_site_name":"Mooier Uitzien","article_modified_time":"2022-01-10T19:39:05+00:00","og_image":[{"width":1000,"height":563,"url":"https:\/\/mooier-uitzien.nl\/wp-content\/uploads\/2022\/01\/botox-tegen-anti-transpireren-hoe-werkt-het.jpg","type":"image\/jpeg"}],"twitter_card":"summary_large_image","twitter_misc":{"Tahmini okuma s\u00fcresi":"1 dakika"},"schema":{"@context":"https:\/\/schema.org","@graph":[{"@type":"WebPage","@id":"https:\/\/mooier-uitzien.nl\/fr\/pour-etre-plus-belle\/","url":"https:\/\/mooier-uitzien.nl\/fr\/pour-etre-plus-belle\/","name":"Mooier uitzien is moeilijk te bepalen","isPartOf":{"@id":"https:\/\/mooier-uitzien.nl\/en\/#website"},"primaryImageOfPage":{"@id":"https:\/\/mooier-uitzien.nl\/fr\/pour-etre-plus-belle\/#primaryimage"},"image":{"@id":"https:\/\/mooier-uitzien.nl\/fr\/pour-etre-plus-belle\/#primaryimage"},"thumbnailUrl":"https:\/\/mooier-uitzien.nl\/wp-content\/uploads\/2022\/01\/botox-tegen-anti-transpireren-hoe-werkt-het.jpg","datePublished":"2021-12-30T10:48:08+00:00","dateModified":"2022-01-10T19:39:05+00:00","description":"Het is heel moeilijk om te bepalen wat mooi is en wat niet. Mooier uitzien is subjectief begrip, maar toch kun je dit objectief benaderen.","breadcrumb":{"@id":"https:\/\/mooier-uitzien.nl\/fr\/pour-etre-plus-belle\/#breadcrumb"},"inLanguage":"tr","potentialAction":[{"@type":"ReadAction","target":["https:\/\/mooier-uitzien.nl\/fr\/pour-etre-plus-belle\/"]}]},{"@type":"ImageObject","inLanguage":"tr","@id":"https:\/\/mooier-uitzien.nl\/fr\/pour-etre-plus-belle\/#primaryimage","url":"https:\/\/mooier-uitzien.nl\/wp-content\/uploads\/2022\/01\/botox-tegen-anti-transpireren-hoe-werkt-het.jpg","contentUrl":"https:\/\/mooier-uitzien.nl\/wp-content\/uploads\/2022\/01\/botox-tegen-anti-transpireren-hoe-werkt-het.jpg","width":1000,"height":563,"caption":"Mooier uitzien kan op verschillende manieren"},{"@type":"BreadcrumbList","@id":"https:\/\/mooier-uitzien.nl\/fr\/pour-etre-plus-belle\/#breadcrumb","itemListElement":[{"@type":"ListItem","position":1,"name":"Home","item":"https:\/\/mooier-uitzien.nl\/en\/"},{"@type":"ListItem","position":2,"name":"Over mooier uitzien"}]},{"@type":"WebSite","@id":"https:\/\/mooier-uitzien.nl\/en\/#website","url":"https:\/\/mooier-uitzien.nl\/en\/","name":"Mooier Uitzien","description":"Tips, producten en behandelingen","publisher":{"@id":"https:\/\/mooier-uitzien.nl\/en\/#\/schema\/person\/3243990d3a0f65947212142c68810954"},"potentialAction":[{"@type":"SearchAction","target":{"@type":"EntryPoint","urlTemplate":"https:\/\/mooier-uitzien.nl\/en\/?s={search_term_string}"},"query-input":{"@type":"PropertyValueSpecification","valueRequired":true,"valueName":"search_term_string"}}],"inLanguage":"tr"},{"@type":["Person","Organization"],"@id":"https:\/\/mooier-uitzien.nl\/en\/#\/schema\/person\/3243990d3a0f65947212142c68810954","name":"Mooier Uitzien","image":{"@type":"ImageObject","inLanguage":"tr","@id":"https:\/\/mooier-uitzien.nl\/wp-content\/uploads\/2021\/12\/cropped-mooier-uitzien.png","url":"https:\/\/mooier-uitzien.nl\/wp-content\/uploads\/2021\/12\/cropped-mooier-uitzien.png","contentUrl":"https:\/\/mooier-uitzien.nl\/wp-content\/uploads\/2021\/12\/cropped-mooier-uitzien.png","width":512,"height":512,"caption":"Mooier Uitzien"},"logo":{"@id":"https:\/\/mooier-uitzien.nl\/wp-content\/uploads\/2021\/12\/cropped-mooier-uitzien.png"},"sameAs":["https:\/\/mooier-uitzien.nl"]}]}},"_links":{"self":[{"href":"https:\/\/mooier-uitzien.nl\/tr\/wp-json\/wp\/v2\/pages\/2","targetHints":{"allow":["GET"]}}],"collection":[{"href":"https:\/\/mooier-uitzien.nl\/tr\/wp-json\/wp\/v2\/pages"}],"about":[{"href":"https:\/\/mooier-uitzien.nl\/tr\/wp-json\/wp\/v2\/types\/page"}],"author":[{"embeddable":true,"href":"https:\/\/mooier-uitzien.nl\/tr\/wp-json\/wp\/v2\/users\/1"}],"replies":[{"embeddable":true,"href":"https:\/\/mooier-uitzien.nl\/tr\/wp-json\/wp\/v2\/comments?post=2"}],"version-history":[{"count":5,"href":"https:\/\/mooier-uitzien.nl\/tr\/wp-json\/wp\/v2\/pages\/2\/revisions"}],"predecessor-version":[{"id":108,"href":"https:\/\/mooier-uitzien.nl\/tr\/wp-json\/wp\/v2\/pages\/2\/revisions\/108"}],"wp:featuredmedia":[{"embeddable":true,"href":"https:\/\/mooier-uitzien.nl\/tr\/wp-json\/wp\/v2\/media\/107"}],"wp:attachment":[{"href":"https:\/\/mooier-uitzien.nl\/tr\/wp-json\/wp\/v2\/media?parent=2"}],"curies":[{"name":"wp","href":"https:\/\/api.w.org\/{rel}","templated":true}]}}